{"id":77,"date":"2018-02-17T21:48:08","date_gmt":"2018-02-17T20:48:08","guid":{"rendered":"http:\/\/www.kkkvarteks.hr\/kkkv\/?page_id=77"},"modified":"2018-02-21T14:45:48","modified_gmt":"2018-02-21T13:45:48","slug":"prvi-kajaci-u-klubu","status":"publish","type":"page","link":"http:\/\/www.kkkvarteks.hr\/kkkv\/o-nama\/prvi-kajaci-u-klubu\/","title":{"rendered":"Prvi kajaci u klubu"},"content":{"rendered":"<h6><\/h6>\n<div>\n<p><a class=\"klikSlika\" href=\"http:\/\/www.kkkvarteks.hr\/pix\/stranica_11_l.jpg\"><img decoding=\"async\" class=\"clanak-img alignleft\" src=\"http:\/\/www.kkkvarteks.hr\/pix\/stranica_11.jpg\" alt=\"\" \/><\/a>Da bi se danas shvatilo kako se tada veslalo i koristilo \u010damce pomo\u0107i \u0107e podaci iz razgovora sa Brankom Milinkovi\u0107em koji se kao \u010dlan kluba natjecao u takvim \u010damcima. Kako u to vrijeme prijevoz nije bio razvijen kao danas \u010damci su se na natjecanja slali vlakom ili vozili autobusom spremljeni u vre\u0107e. Da bi na vrijeme stigli na mjesto natjecanja trebali su biti poslani nekoliko dana prije natjecanja vlakom, a natjecatelji su autobusom ili vlakom do\u0161li do mjesta natjecanja, preuzeli \u010damce i sastavili ih na samom natjecanju.<\/p>\n<p>Kako su \u010damci bili izra\u0111eni od drveta, platna i metala o njima je trebalo posebno brinuti pri \u010demu je najva\u017enije bilo a se dobro posu\u0161e prije nego se spreme da drveni i platneni dijelovi ne istrunu, a metalni ne zahr\u0111aju. Iz istog razloga se nije treniralo zimi jer se \u010damci nisu mogli posu\u0161iti kao dana\u0161nji plasti\u010dni \u010damci pa su se u zimskom periodu kajaka\u0161ki trening sastojao od klizanja i igranja hokeja na ledu.<\/p>\n<p>Za trening novih \u010dlanova koristili su se \u010damci zvani \u00a8Pionir\u00a8 koji su bili oblo\u017eeni tankim drvenim daskama pa su bili veoma te\u0161ki i bila su potrebna dva \u010dovjeka da ih donesu do vode. Prednost takvih \u010damaca je da se nisu mogli probu\u0161iti na kamenju, drve\u0107u ili granama koje su se nalazile u koritu rijeke. Platneni \u010damci su bili vrlo osjetljivi na svaki udarac u neki tvr\u0111i predmet i lako su se probu\u0161ili. Kod vo\u017enje na divljim vodama udarac u kamenje je naj\u010de\u0161\u0107e dovodio do lomljenja letvica i rebara od kojih je \u010damac bio sastavljen. Kako je \u010damac bio izra\u0111en od drva plivao je na povr\u0161ini i ako su ga izvukli mogao se popraviti zamjenom slomljenih dijelova.<\/p>\n<\/div>\n","protected":false},"excerpt":{"rendered":"<p>Da bi se danas shvatilo kako se tada veslalo i koristilo \u010damce pomo\u0107i \u0107e podaci iz razgovora sa Brankom Milinkovi\u0107em koji se kao \u010dlan kluba natjecao u takvim \u010damcima. Kako u to vrijeme prijevoz nije bio razvijen kao danas \u010damci su se na natjecanja slali vlakom ili vozili autobusom spremljeni u vre\u0107e. Da bi na &hellip; <\/p>\n<p class=\"link-more\"><a href=\"http:\/\/www.kkkvarteks.hr\/kkkv\/o-nama\/prvi-kajaci-u-klubu\/\" class=\"more-link\">Nastavi \u010ditati<span class=\"screen-reader-text\"> &#8220;Prvi kajaci u klubu&#8221;<\/span><\/a><\/p>\n","protected":false},"author":1,"featured_media":0,"parent":66,"menu_order":2,"comment_status":"closed","ping_status":"closed","template":"","meta":[],"_links":{"self":[{"href":"http:\/\/www.kkkvarteks.hr\/kkkv\/wp-json\/wp\/v2\/pages\/77"}],"collection":[{"href":"http:\/\/www.kkkvarteks.hr\/kkkv\/wp-json\/wp\/v2\/pages"}],"about":[{"href":"http:\/\/www.kkkvarteks.hr\/kkkv\/wp-json\/wp\/v2\/types\/page"}],"author":[{"embeddable":true,"href":"http:\/\/www.kkkvarteks.hr\/kkkv\/wp-json\/wp\/v2\/users\/1"}],"replies":[{"embeddable":true,"href":"http:\/\/www.kkkvarteks.hr\/kkkv\/wp-json\/wp\/v2\/comments?post=77"}],"version-history":[{"count":3,"href":"http:\/\/www.kkkvarteks.hr\/kkkv\/wp-json\/wp\/v2\/pages\/77\/revisions"}],"predecessor-version":[{"id":140,"href":"http:\/\/www.kkkvarteks.hr\/kkkv\/wp-json\/wp\/v2\/pages\/77\/revisions\/140"}],"up":[{"embeddable":true,"href":"http:\/\/www.kkkvarteks.hr\/kkkv\/wp-json\/wp\/v2\/pages\/66"}],"wp:attachment":[{"href":"http:\/\/www.kkkvarteks.hr\/kkkv\/wp-json\/wp\/v2\/media?parent=77"}],"curies":[{"name":"wp","href":"https:\/\/api.w.org\/{rel}","templated":true}]}}