{"id":66,"date":"2018-02-17T21:37:48","date_gmt":"2018-02-17T20:37:48","guid":{"rendered":"http:\/\/www.kkkvarteks.hr\/kkkv\/?page_id=66"},"modified":"2021-06-15T14:49:07","modified_gmt":"2021-06-15T12:49:07","slug":"o-nama","status":"publish","type":"page","link":"https:\/\/www.kkkvarteks.hr\/kkkv\/o-nama\/","title":{"rendered":"O NAMA"},"content":{"rendered":"<p style=\"text-align: center;\"><img decoding=\"async\" loading=\"lazy\" class=\"aligncenter wp-image-260 size-full\" src=\"http:\/\/www.kkkvarteks.hr\/kkkv\/wp-content\/uploads\/2018\/03\/Klub-danas.jpg\" alt=\"\" width=\"425\" height=\"255\" srcset=\"https:\/\/www.kkkvarteks.hr\/kkkv\/wp-content\/uploads\/2018\/03\/Klub-danas.jpg 425w, https:\/\/www.kkkvarteks.hr\/kkkv\/wp-content\/uploads\/2018\/03\/Klub-danas-300x180.jpg 300w, https:\/\/www.kkkvarteks.hr\/kkkv\/wp-content\/uploads\/2018\/03\/Klub-danas-2x1.jpg 2w\" sizes=\"(max-width: 425px) 100vw, 425px\" \/><\/p>\n<p>Klub je u svojoj povijesti bio na vi\u0161e lokacija a na sada\u0161nju lokaciju Klub je preseljen u prolje\u0107e 1983. godine, kada je od HE Vara\u017edin dobivena monta\u017ena baraka u kojoj je ure\u0111eno spremi\u0161te za \u010damce, teretana i klupske prostorije. U me\u0111uvremenu je baraka zamijenjena zbog dotrajalosti metalnim hangarom za \u010damce, uz koji je novi zidani objekt u kojem su kupaona, toaletni prostor, svla\u010dionica i teretana koja omogu\u0107ava cjelogodi\u0161nji trening .<\/p>\n<p>Prostorije Kajak Kanu Kluba Varteks nalaze se u Dravskom parku na desnoj obali rijeke Drave, ne- daleko cestovnog mosta koji spaja Vara\u017edin s Me\u0111imurjem. Klub danas broji 60 registriranih \u010dlanova koji sudjeluju na mnogim kajaka\u0161kim natjecanjima. Zatim sudjeluju u organizaciji utrka kojima je klub doma\u010din i organizator a to su: Memorijal Sini\u0161e Razloga, Vara\u017edinski kajak-kanu maraton, Prvenstvo RH u spustu i sprintu za kadetsku i juniorsku kategoriju.<\/p>\n<p>Danas je KKK Varteks jedan vrlo organizirani klubu kojem djeluje \u0161portsko-natjecateljski pogon, \u0161kola kajaka i kanua i rekreacijski tim. Trenuta\u010dno rukovodstvo kluba u sastavu: Miroslav Hutinski &#8211; predsjednik, \u017deljko Kukec &#8211; tajnik i \u010dlanovi upravnog odbora Veljko Mala\u0161i\u0107, Mario \u0160obak, Du\u0161an Brku\u0161anin, David Ro\u017emari\u0107, Michel Ivi\u0107,\u00a0 brinu da Klub uspje\u0161no funkcionira.<\/p>\n","protected":false},"excerpt":{"rendered":"<p>Klub je u svojoj povijesti bio na vi\u0161e lokacija a na sada\u0161nju lokaciju Klub je preseljen u prolje\u0107e 1983. godine, kada je od HE Vara\u017edin dobivena monta\u017ena baraka u kojoj je ure\u0111eno spremi\u0161te za \u010damce, teretana i klupske prostorije. U me\u0111uvremenu je baraka zamijenjena zbog dotrajalosti metalnim hangarom za \u010damce, uz koji je novi zidani &hellip; <\/p>\n<p class=\"link-more\"><a href=\"https:\/\/www.kkkvarteks.hr\/kkkv\/o-nama\/\" class=\"more-link\">Nastavi \u010ditati<span class=\"screen-reader-text\"> &#8220;O NAMA&#8221;<\/span><\/a><\/p>\n","protected":false},"author":1,"featured_media":67,"parent":0,"menu_order":2,"comment_status":"closed","ping_status":"closed","template":"","meta":[],"_links":{"self":[{"href":"https:\/\/www.kkkvarteks.hr\/kkkv\/wp-json\/wp\/v2\/pages\/66"}],"collection":[{"href":"https:\/\/www.kkkvarteks.hr\/kkkv\/wp-json\/wp\/v2\/pages"}],"about":[{"href":"https:\/\/www.kkkvarteks.hr\/kkkv\/wp-json\/wp\/v2\/types\/page"}],"author":[{"embeddable":true,"href":"https:\/\/www.kkkvarteks.hr\/kkkv\/wp-json\/wp\/v2\/users\/1"}],"replies":[{"embeddable":true,"href":"https:\/\/www.kkkvarteks.hr\/kkkv\/wp-json\/wp\/v2\/comments?post=66"}],"version-history":[{"count":4,"href":"https:\/\/www.kkkvarteks.hr\/kkkv\/wp-json\/wp\/v2\/pages\/66\/revisions"}],"predecessor-version":[{"id":1397,"href":"https:\/\/www.kkkvarteks.hr\/kkkv\/wp-json\/wp\/v2\/pages\/66\/revisions\/1397"}],"wp:featuredmedia":[{"embeddable":true,"href":"https:\/\/www.kkkvarteks.hr\/kkkv\/wp-json\/wp\/v2\/media\/67"}],"wp:attachment":[{"href":"https:\/\/www.kkkvarteks.hr\/kkkv\/wp-json\/wp\/v2\/media?parent=66"}],"curies":[{"name":"wp","href":"https:\/\/api.w.org\/{rel}","templated":true}]}}