{"id":73,"date":"2018-02-17T21:46:23","date_gmt":"2018-02-17T20:46:23","guid":{"rendered":"http:\/\/www.kkkvarteks.hr\/kkkv\/?page_id=73"},"modified":"2018-02-21T14:43:50","modified_gmt":"2018-02-21T13:43:50","slug":"povjest","status":"publish","type":"page","link":"https:\/\/www.kkkvarteks.hr\/kkkv\/o-nama\/povjest\/","title":{"rendered":"Povijest"},"content":{"rendered":"<h5>Povijest kajaka\u0161tva u Vara\u017edinu<\/h5>\n<div>\n<p><a class=\"klikSlika\" href=\"http:\/\/www.kkkvarteks.hr\/pix\/stranica_9_l.jpg\"><img decoding=\"async\" class=\"clanak-img alignleft\" src=\"http:\/\/www.kkkvarteks.hr\/pix\/stranica_9.jpg\" alt=\"\" \/><\/a>Blizina rijeke Drave pru\u017ea brojne pogodnosti za bavljenje sportovima na vodi pa se spominje da je ve\u0107 1929. godine Josip KRI\u017dAN prire\u0111ivao za gra\u0111ane Vara\u017edina svojevrsne priredbe skijanja na vodi. Naravno, ne u dana\u0161njem smislu, ve\u0107 se na svojeru\u010dno izra\u0111enim skijama koje su izgledale kao dva \u201csmanjena\u201d \u010damca kretao povr\u0161inom Drave uz pomo\u0107 vesla. Godine 1934. gospoda Zvonimir SULIGOJ i Franjo HAJNIK spustili su se rijekom Dravom od Dravograda (dana\u0161nja granica Slovenije i Austrije) do Osijeka, \u0161to je s du\u017einom od 450 km i za dana\u0161nje pojmove vrlo duga\u010dko putovanje, a oni koji se sje\u0107aju kako je izgledala Drava prije izgradnje dana\u0161njih hidroelektrana mogu potvrditi da je to bila prava pustolovina za koju je trebalo imati mnogo kajaka\u0161kog znanja i hrabrosti.<\/p>\n<p>Prema sje\u0107anju gospodina Berislava CHYTILA prvi sklopivi kajak pojavio se na Dravi u Vara\u017edinu 1936. godine, na\u017ealost danas nepoznatog nam vlasnika.<\/p>\n<p>Prete\u010da organiziranog bavljenja kajaka\u0161tvom u Vara\u017edinu, mo\u017ee se uzeti godina 1953. kada su gospoda Josip UROI\u0106, Berislav CHYTIL i Zvonimir GABUD sami izradili sklopive kajake te tako po\u010deli s propagiranjem kajaka\u0161tva.<\/p>\n<\/div>\n","protected":false},"excerpt":{"rendered":"<p>Povijest kajaka\u0161tva u Vara\u017edinu Blizina rijeke Drave pru\u017ea brojne pogodnosti za bavljenje sportovima na vodi pa se spominje da je ve\u0107 1929. godine Josip KRI\u017dAN prire\u0111ivao za gra\u0111ane Vara\u017edina svojevrsne priredbe skijanja na vodi. Naravno, ne u dana\u0161njem smislu, ve\u0107 se na svojeru\u010dno izra\u0111enim skijama koje su izgledale kao dva \u201csmanjena\u201d \u010damca kretao povr\u0161inom Drave &hellip; <\/p>\n<p class=\"link-more\"><a href=\"https:\/\/www.kkkvarteks.hr\/kkkv\/o-nama\/povjest\/\" class=\"more-link\">Nastavi \u010ditati<span class=\"screen-reader-text\"> &#8220;Povijest&#8221;<\/span><\/a><\/p>\n","protected":false},"author":1,"featured_media":0,"parent":66,"menu_order":0,"comment_status":"closed","ping_status":"closed","template":"","meta":[],"_links":{"self":[{"href":"https:\/\/www.kkkvarteks.hr\/kkkv\/wp-json\/wp\/v2\/pages\/73"}],"collection":[{"href":"https:\/\/www.kkkvarteks.hr\/kkkv\/wp-json\/wp\/v2\/pages"}],"about":[{"href":"https:\/\/www.kkkvarteks.hr\/kkkv\/wp-json\/wp\/v2\/types\/page"}],"author":[{"embeddable":true,"href":"https:\/\/www.kkkvarteks.hr\/kkkv\/wp-json\/wp\/v2\/users\/1"}],"replies":[{"embeddable":true,"href":"https:\/\/www.kkkvarteks.hr\/kkkv\/wp-json\/wp\/v2\/comments?post=73"}],"version-history":[{"count":3,"href":"https:\/\/www.kkkvarteks.hr\/kkkv\/wp-json\/wp\/v2\/pages\/73\/revisions"}],"predecessor-version":[{"id":138,"href":"https:\/\/www.kkkvarteks.hr\/kkkv\/wp-json\/wp\/v2\/pages\/73\/revisions\/138"}],"up":[{"embeddable":true,"href":"https:\/\/www.kkkvarteks.hr\/kkkv\/wp-json\/wp\/v2\/pages\/66"}],"wp:attachment":[{"href":"https:\/\/www.kkkvarteks.hr\/kkkv\/wp-json\/wp\/v2\/media?parent=73"}],"curies":[{"name":"wp","href":"https:\/\/api.w.org\/{rel}","templated":true}]}}