{"id":75,"date":"2018-02-17T21:46:51","date_gmt":"2018-02-17T20:46:51","guid":{"rendered":"http:\/\/www.kkkvarteks.hr\/kkkv\/?page_id=75"},"modified":"2018-02-21T14:45:15","modified_gmt":"2018-02-21T13:45:15","slug":"osnivanje-kluba","status":"publish","type":"page","link":"https:\/\/www.kkkvarteks.hr\/kkkv\/o-nama\/osnivanje-kluba\/","title":{"rendered":"Osnivanje kluba"},"content":{"rendered":"<h6><\/h6>\n<div>\n<p><a class=\"klikSlika\" href=\"http:\/\/www.kkkvarteks.hr\/pix\/stranica_10_l.jpg\"><img decoding=\"async\" class=\"clanak-img alignleft\" src=\"http:\/\/www.kkkvarteks.hr\/pix\/stranica_10.jpg\" alt=\"\" \/><\/a>Godinu dana kasnije, dakle 1954. spomenutim zaljubljenicima Drave, pridru\u017eili su se gospoda Mario Morandini, profesor Stjepan Vukovi\u0107, Dragutin \u0160arman, Antun Ramu\u0161\u010dak i Vlado Horvat te je u velja\u010di iste te godine odr\u017eana osniva\u010dka skup\u0161tina, na kojoj je utemeljen Kajak klub \u201cTEKSTILAC\u201d u sklopu Radni\u010dkog \u0161portskog dru\u0161tva \u201cTekstilac\u201d koje je djelovalo kod Vara\u017edinske tekstilne industrije \u00a8Varteks\u00a8.<\/p>\n<p>Zahvaljuju\u0107i podr\u0161ci Radni\u010dko \u0161portskog dru\u0161tva \u201cTekstilac\u201d, nabavljeno je, prema sje\u0107anju gospodina Chytila, 5 do 7 sklopivih kajaka i to je bio osniva\u010dki fond pri osnivanju kluba. Iznajmljene su jedine lokacijski prikladne ali potpuno nefunkcionalne prostorije (privatna gospodarska zgrada) na lijevoj obali rijeke Drave, tik uz dana\u0161nji kolni most te je tako klub po\u010deo s organiziranim bavljenjem kajaka\u0161tvom i kanuistikom.<\/p>\n<p>Iz podataka upisanih u urud\u017ebeni zapisnik kluba vidljivo je da se iste godine klub uklju\u010dio u rad Brodarskog saveza Hrvatske. Da se radilo na odr\u017eavanju i pro\u0161irenju broja \u010damaca vidljivo je iz ra\u010duna za nabavu gumiranog platna za kajake, a da bi se propagirao razvoj kajaka\u0161kog sporta odr\u017eano je 17. 12. 1954. u Sindikalnoj dvorani \u00a8Varteksa\u00a8 prikazivanje filmova o kajaka\u0161tvu i odr\u017eana prva godi\u0161nja skup\u0161tina kluba. Zanimljivo je da je film dobiven od Brodarskog Saveza Hrvatske iz Zagreba, a u dopisu kojim je dogovoreno njegovo prikazivanje obavje\u0161tava se da prikazivanje ne\u0107e biti u kino dvorani ve\u0107 u sindikalnoj dvorani jer je to besplatno, a postoji mogu\u0107nost prikazivanja \u0161iroke filmske trake.<\/p>\n<p>U 1955. godini nastavilo se s nabavom materijala za izradu \u010damaca i vesala te radu na omasovljenju \u010dlanstva. Iste godine predstavnici kluba su 18. 12. 1955. sudjelovali na osniva\u010dkoj skup\u0161tini Kajaka\u0161kog saveza Hrvatske koji je time postao samostalan jer je do tada kajaka\u0161tvo u sklopu Brodarskog saveza bilo zajedno sa jedrili\u010darima.<\/p>\n<p>Da je kajaka\u0161tvo u Vara\u017edinu uvijek bilo povezano s tehnikom govori podatak da je Zvonimir Gabud 18. 1. 1956. godine sudjelovao na sjednici Kotarskog odbora Narodne tehnike u Vara\u017edinu te je izabran za tajnika. Uz \u010damce koje su sami izra\u0111ivali nabavljali su se i \u010damci razli\u010ditih proizvo\u0111a\u010da od kojih su najpoznatiji bili \u010damci i vesla izra\u0111eni u Obrtno mizarskoj delavnici \u00a8\u0160port\u00a8 (stolarskoj radionici) u Novoj gorici pa se takve sklopive \u010damce naj\u010de\u0161\u0107e zvalo samo \u00a8gorica\u00a8. \u010camci su se dobivali i od drugih klubova pa je tako Kajaka\u0161ki savez Hrvatske 1. 6. 1956 dodijelio \u010damac K-1 koji je pripadao klubu \u00a8Dunav\u00a8 iz Vukovara, a kakvu su vrijednost tada predstavljali \u010damci govori podatak da ga nisu \u017eeljeli poslati vlakom bez pratnje pa je po njega 28. 7. oti\u0161ao Morandini Mario. U knjizi inventara za 1957. godinu je zabilje\u017eeno da klub posjeduje sljede\u0107e \u010damce i opremu za njih:<\/p>\n<p>1 kajak sklopivi gumeni F1<br \/>\n1 kajak sklopivi gumeni slalom<br \/>\n1 kajak kruti olimpijski<br \/>\n1 \u010damac drveni za vje\u017ebe i spa\u0161avanja<br \/>\n5 kompleta kostura za kajake F1<br \/>\n1 veslo \u00a8Sport\u00a8 Nova Gorica<br \/>\n7 futrola, vre\u0107a i vre\u0107ica za pakiranje \u010damaca<br \/>\n31,5 m gumiranog platna za donji dio kajaka<br \/>\n16,5 m \u0161portskog platna<\/p>\n<p>Zabilje\u017eeno je i da ima ostali materijal za izradu kao razne mjedene okove, lim, \u0161ipke, vijke, bakarne zakovice, te ostali materijal potreban za izradu \u010damaca. Da bi izradili \u010damce kori\u0161tena su 2 nacrta za \u010damce F1 i F2, a iako se to nigdje u podacima ne spominje vjerojatno je kori\u0161tena i knjiga Milana Damjanovi\u0107a \u00a8Kako se gradi \u0161kolski i amaterski kajak\u00a8 izdana 1951. godine nastala u Pomorsko brodarskom savezu Jugoslavije, a tiskana u Izdava\u010dkom poduze\u0107u \u00a8Pomorstvo\u00a8 iz Rijeke.<\/p>\n<\/div>\n","protected":false},"excerpt":{"rendered":"<p>Godinu dana kasnije, dakle 1954. spomenutim zaljubljenicima Drave, pridru\u017eili su se gospoda Mario Morandini, profesor Stjepan Vukovi\u0107, Dragutin \u0160arman, Antun Ramu\u0161\u010dak i Vlado Horvat te je u velja\u010di iste te godine odr\u017eana osniva\u010dka skup\u0161tina, na kojoj je utemeljen Kajak klub \u201cTEKSTILAC\u201d u sklopu Radni\u010dkog \u0161portskog dru\u0161tva \u201cTekstilac\u201d koje je djelovalo kod Vara\u017edinske tekstilne industrije \u00a8Varteks\u00a8. &hellip; <\/p>\n<p class=\"link-more\"><a href=\"https:\/\/www.kkkvarteks.hr\/kkkv\/o-nama\/osnivanje-kluba\/\" class=\"more-link\">Nastavi \u010ditati<span class=\"screen-reader-text\"> &#8220;Osnivanje kluba&#8221;<\/span><\/a><\/p>\n","protected":false},"author":1,"featured_media":0,"parent":66,"menu_order":1,"comment_status":"closed","ping_status":"closed","template":"","meta":{"footnotes":""},"class_list":["post-75","page","type-page","status-publish","hentry"],"_links":{"self":[{"href":"https:\/\/www.kkkvarteks.hr\/kkkv\/wp-json\/wp\/v2\/pages\/75","targetHints":{"allow":["GET"]}}],"collection":[{"href":"https:\/\/www.kkkvarteks.hr\/kkkv\/wp-json\/wp\/v2\/pages"}],"about":[{"href":"https:\/\/www.kkkvarteks.hr\/kkkv\/wp-json\/wp\/v2\/types\/page"}],"author":[{"embeddable":true,"href":"https:\/\/www.kkkvarteks.hr\/kkkv\/wp-json\/wp\/v2\/users\/1"}],"replies":[{"embeddable":true,"href":"https:\/\/www.kkkvarteks.hr\/kkkv\/wp-json\/wp\/v2\/comments?post=75"}],"version-history":[{"count":3,"href":"https:\/\/www.kkkvarteks.hr\/kkkv\/wp-json\/wp\/v2\/pages\/75\/revisions"}],"predecessor-version":[{"id":139,"href":"https:\/\/www.kkkvarteks.hr\/kkkv\/wp-json\/wp\/v2\/pages\/75\/revisions\/139"}],"up":[{"embeddable":true,"href":"https:\/\/www.kkkvarteks.hr\/kkkv\/wp-json\/wp\/v2\/pages\/66"}],"wp:attachment":[{"href":"https:\/\/www.kkkvarteks.hr\/kkkv\/wp-json\/wp\/v2\/media?parent=75"}],"curies":[{"name":"wp","href":"https:\/\/api.w.org\/{rel}","templated":true}]}}